{"id":2,"date":"2011-10-07T16:02:36","date_gmt":"2011-10-07T16:02:36","guid":{"rendered":"http:\/\/elytres.net\/wp3\/\/?page_id=2"},"modified":"2025-07-24T14:15:09","modified_gmt":"2025-07-24T12:15:09","slug":"about","status":"publish","type":"page","link":"https:\/\/elytres.net\/?page_id=2","title":{"rendered":"bio"},"content":{"rendered":"<div class=\"wp-block-image\">\n<figure class=\"aligncenter\"><a href=\"https:\/\/elytres.net\/wp-content\/uploads\/2018\/09\/f.dumeaux2_300x300.jpg\"><img loading=\"lazy\" decoding=\"async\" width=\"300\" height=\"300\" src=\"https:\/\/elytres.net\/wp-content\/uploads\/2018\/09\/f.dumeaux2_300x300.jpg\" alt=\"\" class=\"wp-image-486\" srcset=\"https:\/\/elytres.net\/wp-content\/uploads\/2018\/09\/f.dumeaux2_300x300.jpg 300w, https:\/\/elytres.net\/wp-content\/uploads\/2018\/09\/f.dumeaux2_300x300-150x150.jpg 150w\" sizes=\"auto, (max-width: 300px) 100vw, 300px\" \/><\/a><\/figure>\n<\/div>\n\n\n<div><br>image : Perceval Bellone<\/div>\n\n\n\n<div>\n<p>&nbsp;<\/p>\n<p><big><big>bio (fr) :<\/big><\/big><\/p>\n<p>Fran\u00e7ois Dumeaux (Rodez, 1978)<br>Mon terrain de jeux est \u00e0 la jonction des musiques exp\u00e9rimentales et des musiques traditionnelles.<br>J&rsquo;aime attraper le musical par la composition, l&rsquo;improvisation, les paysages sonores ou encore la synth\u00e8se g\u00e9n\u00e9rative.<br>J&rsquo;utilise les synth\u00e9tiseurs modulaires, le violon, le chant et le studio.<br>Pour reprendre la belle trouvaille s\u00e9mantique d&rsquo;Alain Savouret, je m&rsquo;inscrit dans le champ d&rsquo;une tradition aurale.<\/p>\n<\/div>\n\n\n\n<p>Ma musique a \u00e9t\u00e9 jou\u00e9e &#8211; par moi ou par d&rsquo;autres &#8211; aux U.S.A. (Los Angeles, Chicago), au Canada, au Nigeria, \u00e0 Singapour, en Allemagne, en Espagne, en Belgique (Festival l&rsquo;Espace du son) et en France (Festival Futura, Festival Exhibitronic, Audible Festival, Instants Chavir\u00e9s, RIAM, concerts SCRIME, Alc\u00f4me, etc.).<br>Elle a aussi \u00e9t\u00e9 diffus\u00e9e sur France Musique, France Culture et Radio Campus Paris.<br>J&rsquo;ai obtenu en 2006 un D.E.M. et le prix SACEM, dans la classe de composition \u00e9lectroacoustique de <a href=\"https:\/\/fr.wikipedia.org\/wiki\/Christian_Eloy\" target=\"_blank\" rel=\"noopener\">Christian Eloy<\/a> et Christophe Havel, au C.N.R. de Bordeaux.<br>Finaliste du concours de composition acousmatique M\u00e9tamorphoses 2008, j&rsquo;ai \u00e9t\u00e9 \u00e0 cette occasion \u00e9dit\u00e9 sur la <a href=\"http:\/\/www.electrocd.com\/fr\/cat\/mr_2008\/\" target=\"_blank\" rel=\"noopener\">compilation \u00e9ponyme<\/a>.<br>Pour le 80\u00e8me anniversaire de <a href=\"https:\/\/fr.wikipedia.org\/wiki\/Bernard_Parmegiani\" target=\"_blank\" rel=\"noopener\">Bernard Parmegiani<\/a>, j&rsquo;aia compos\u00e9 \u00ab\u00a0SRA\u00a0\u00bb \u00e0 la demande de <a href=\"https:\/\/fr.wikipedia.org\/wiki\/Annette_Vande_Gorne\" target=\"_blank\" rel=\"noopener\">Annette Vande Gorne<\/a>.<br>De 2011 \u00e0 2016 j&rsquo;ai enseign\u00e9 la composition \u00e9lectroacoustique au C.R.R. de Bordeaux, aux c\u00f4t\u00e9s de Christophe Havel.<\/p>\n\n\n\n<p>Pratiquant l&rsquo;improvisation libre et l&rsquo;interpr\u00e9tation \u00e9lectronique en live, j&rsquo;ai jou\u00e9 avec <a href=\"http:\/\/joanfrancestisner.com\/\" target=\"_blank\" rel=\"noopener\">Joan Franc\u00e9s Tisn\u00e8r<\/a>, <a href=\"http:\/\/5hape2.free.fr\" target=\"_blank\" rel=\"noopener\">Nicolas Godin<\/a>, Alain Cadeillan, Jakes Aymonino, Christian Vieussens, <a href=\"https:\/\/fr.wikipedia.org\/wiki\/Pierre_Boissi%C3%A8re\" target=\"_blank\" rel=\"noopener\">Pe\u00ecre Boissi\u00e8re<\/a>, <a href=\"https:\/\/pombouvierb.blogspot.fr\/\" target=\"_blank\" rel=\"noopener\">P\u00f4m Bouvier b.<\/a>, <a href=\"https:\/\/soundcloud.com\/bessac\" target=\"_blank\" rel=\"noopener\">Fran\u00e7ois Bessac<\/a>, <a href=\"https:\/\/prunebecheau.bandcamp.com\/\" target=\"_blank\" rel=\"noopener\">Prune B\u00e9cheau<\/a>, et dans <a href=\"http:\/\/alveol.free.fr\/\" target=\"_blank\" rel=\"noopener\">[alveol]<\/a>, <a href=\"http:\/\/familha.artus.free.fr\/\" target=\"_blank\" rel=\"noopener\">la familha Art\u00fas<\/a>, Shapeless, la Theory du Reptil, etc.<\/p>\n\n\n\n<p>Je r\u00e9alise par ailleurs des cr\u00e9ations radiophoniques, des documentaires sonores, de la sonographie pour les mus\u00e9es et des bandes-son pour le th\u00e9\u00e2tre, la danse et le cin\u00e9ma.<br>Je poursuis une collaboration au long cours avec mon ami r\u00e9alisateur <a href=\"https:\/\/www.nicolasgayraud.com\/\" target=\"_blank\" rel=\"noopener\">Nicolas Gayraud<\/a>.<big><big><\/big><\/big><\/p>\n\n\n\n<p><big><big>bio (en) :<br><\/big><\/big><\/p>\n\n\n\n<p>Fran\u00e7ois Dumeaux &nbsp;(Rodez, France, 1978)<br>Experimental and traditionnal music, composition and improvisation.<br>Modular synths, fiddle, singing and microphones.<\/p>\n\n\n\n<p>My music have been played &#8211; by me or somebody else &#8211; in the U.S.A. (Los Angeles, Chicago), Canada, Nigeria, Singapore, Germany, Spain, Belgium (Espace du son Festival) and France (Futura Festival, Festival Exhibitronic, Audible Festival, Instants Chavir\u00e9s, RIAM, SCRIME concerts, Alc\u00f4me, etc.).<br>Some pieces where broadcasted on France Musique, France Culture and Radio Campus Paris.<br>I won the SACEM prize and have been graduated by the Bordeaux Music Academy (C.N.R.) in the <a href=\"https:\/\/fr.wikipedia.org\/wiki\/Christian_Eloy\" target=\"_blank\" rel=\"noopener\">Christian Eloy<\/a> and&nbsp;Christophe Havel&rsquo;s electroacoustic composition class.<br>Finalist for the acousmatic composition competition M\u00e9tamorphoses 2008, my piece have been released on the <a href=\"http:\/\/www.electrocd.com\/en\/cat\/mr_2008\/\" target=\"_blank\" rel=\"noopener\">eponym V.A.<\/a><br><a href=\"https:\/\/fr.wikipedia.org\/wiki\/Annette_Vande_Gorne\" target=\"_blank\" rel=\"noopener\">Annette Vande Gorne<\/a> invited me to compose \u00ab\u00a0SRA\u00a0\u00bb for the <a href=\"https:\/\/fr.wikipedia.org\/wiki\/Bernard_Parmegiani\" target=\"_blank\" rel=\"noopener\">Bernard Parmegiani<\/a>&lsquo;s 80th anniversary.<br>From 2011 to 2016 I teached in the Bordeaux Music Academy (C.R.R.) electroacoustic composition class.<\/p>\n\n\n\n<p>In the free improvisation and the live electronic fields, I played with&nbsp; <a href=\"http:\/\/joanfrancestisner.com\/\" target=\"_blank\" rel=\"noopener\">Joan Franc\u00e9s Tisn\u00e8r<\/a>, <a href=\"http:\/\/5hape2.free.fr\" target=\"_blank\" rel=\"noopener\">Nicolas Godin<\/a>, Alain Cadeillan, Jakes Aymonino, Christian Vieussens, <a href=\"https:\/\/fr.wikipedia.org\/wiki\/Pierre_Boissi%C3%A8re\" target=\"_blank\" rel=\"noopener\">Pe\u00ecre Boissi\u00e8re<\/a>, <a href=\"https:\/\/pombouvierb.blogspot.fr\/\" target=\"_blank\" rel=\"noopener\">P\u00f4m Bouvier b.<\/a>, <a href=\"https:\/\/soundcloud.com\/bessac\" target=\"_blank\" rel=\"noopener\">Fran\u00e7ois Bessac<\/a>, <a href=\"https:\/\/prunebecheau.bandcamp.com\/\" target=\"_blank\" rel=\"noopener\">Prune B\u00e9cheau<\/a> and in a few bands : <a href=\"http:\/\/alveol.free.fr\/\" target=\"_blank\" rel=\"noopener\">[alveol]<\/a>, <a href=\"http:\/\/familha.artus.free.fr\/\" target=\"_blank\" rel=\"noopener\">la familha Art\u00fas<\/a>, Shapeless, la Theory du Reptil, etc.<\/p>\n\n\n\n<p>I also realise radio art, documentaries, sonography for museums and soundtracks for plays, choreographies and movies.<br>I have a longtime collaboration with my friend <a href=\"https:\/\/www.nicolasgayraud.com\/\" target=\"_blank\" rel=\"noopener\">Nicolas Gayraud<\/a>.<\/p>\n\n\n<div class=\"wp-block-image\">\n<figure class=\"aligncenter\"><a href=\"https:\/\/elytres.net\/wp-content\/uploads\/2021\/09\/violon_versailles_plage-scaled.jpg\"><img loading=\"lazy\" decoding=\"async\" width=\"1024\" height=\"679\" src=\"https:\/\/elytres.net\/wp-content\/uploads\/2021\/09\/violon_versailles_plage-1024x679.jpg\" alt=\"\" class=\"wp-image-561\" srcset=\"https:\/\/elytres.net\/wp-content\/uploads\/2021\/09\/violon_versailles_plage-1024x679.jpg 1024w, https:\/\/elytres.net\/wp-content\/uploads\/2021\/09\/violon_versailles_plage-300x199.jpg 300w, https:\/\/elytres.net\/wp-content\/uploads\/2021\/09\/violon_versailles_plage-768x509.jpg 768w, https:\/\/elytres.net\/wp-content\/uploads\/2021\/09\/violon_versailles_plage-1536x1018.jpg 1536w, https:\/\/elytres.net\/wp-content\/uploads\/2021\/09\/violon_versailles_plage-2048x1358.jpg 2048w, https:\/\/elytres.net\/wp-content\/uploads\/2021\/09\/violon_versailles_plage-624x414.jpg 624w\" sizes=\"auto, (max-width: 1024px) 100vw, 1024px\" \/><\/a><\/figure>\n<\/div>\n\n\n<p><br>image : Anne-Sophie Tr\u00e9bel<\/p>\n","protected":false},"excerpt":{"rendered":"<p>image : Perceval Bellone &nbsp; bio (fr) : Fran\u00e7ois Dumeaux (Rodez, 1978)Mon terrain de jeux est \u00e0 la jonction des musiques exp\u00e9rimentales et des musiques traditionnelles.J&rsquo;aime attraper le musical par la composition, l&rsquo;improvisation, les paysages sonores ou encore la synth\u00e8se g\u00e9n\u00e9rative.J&rsquo;utilise les synth\u00e9tiseurs modulaires, le violon, le chant et le studio.Pour reprendre la belle trouvaille [&hellip;]<\/p>\n","protected":false},"author":1,"featured_media":0,"parent":0,"menu_order":0,"comment_status":"closed","ping_status":"open","template":"","meta":{"footnotes":""},"class_list":["post-2","page","type-page","status-publish","hentry"],"_links":{"self":[{"href":"https:\/\/elytres.net\/index.php?rest_route=\/wp\/v2\/pages\/2","targetHints":{"allow":["GET"]}}],"collection":[{"href":"https:\/\/elytres.net\/index.php?rest_route=\/wp\/v2\/pages"}],"about":[{"href":"https:\/\/elytres.net\/index.php?rest_route=\/wp\/v2\/types\/page"}],"author":[{"embeddable":true,"href":"https:\/\/elytres.net\/index.php?rest_route=\/wp\/v2\/users\/1"}],"replies":[{"embeddable":true,"href":"https:\/\/elytres.net\/index.php?rest_route=%2Fwp%2Fv2%2Fcomments&post=2"}],"version-history":[{"count":44,"href":"https:\/\/elytres.net\/index.php?rest_route=\/wp\/v2\/pages\/2\/revisions"}],"predecessor-version":[{"id":738,"href":"https:\/\/elytres.net\/index.php?rest_route=\/wp\/v2\/pages\/2\/revisions\/738"}],"wp:attachment":[{"href":"https:\/\/elytres.net\/index.php?rest_route=%2Fwp%2Fv2%2Fmedia&parent=2"}],"curies":[{"name":"wp","href":"https:\/\/api.w.org\/{rel}","templated":true}]}}