{"id":31,"date":"2011-11-13T18:29:08","date_gmt":"2011-11-13T17:29:08","guid":{"rendered":"http:\/\/elytres.net\/?page_id=31"},"modified":"2026-03-24T12:42:14","modified_gmt":"2026-03-24T11:42:14","slug":"discographie","status":"publish","type":"page","link":"https:\/\/elytres.net\/?page_id=31","title":{"rendered":"discographie"},"content":{"rendered":"\n<p>Voici une liste quasi exhaustive des disques* que j&rsquo;ai fabriqu\u00e9s, ou auxquels j&rsquo;ai pris part. <br>*je dis \u00ab\u00a0disque\u00a0\u00bb car je suis n\u00e9 au XXe si\u00e8cle.<\/p>\n\n\n\n<p><strong>2026 :<\/strong><\/p>\n\n\n\n<iframe style=\"border: 0; width: 350px; height: 470px;\" src=\"https:\/\/bandcamp.com\/EmbeddedPlayer\/album=2722681814\/size=large\/bgcol=ffffff\/linkcol=0687f5\/tracklist=false\/transparent=true\/\" seamless><a href=\"https:\/\/tytoalba.bandcamp.com\/album\/ikarusu-villes-fant-mes\">Ikarusu &#8211; Villes Fant\u00f4mes by Fran\u00e7ois Dumeaux<\/a><\/iframe>\n\n\n\n<p><strong>2025 :<\/strong><\/p>\n\n\n\n<p><iframe style=\"border: 0; width: 350px; height: 470px;\" src=\"https:\/\/bandcamp.com\/EmbeddedPlayer\/album=2557306437\/size=large\/bgcol=ffffff\/linkcol=0687f5\/tracklist=false\/transparent=true\/\" seamless=\"\">&lt;a href=\u00a0\u00bbhttps:\/\/tytoalba.bandcamp.com\/album\/chasseurs-et-oiseaux\u00a0\u00bb>Chasseurs et oiseaux by Fran\u00e7ois Dumeaux&lt;\/a><\/iframe><\/p>\n\n\n\n<p><iframe style=\"border: 0; width: 350px; height: 470px;\" src=\"https:\/\/bandcamp.com\/EmbeddedPlayer\/album=765908805\/size=large\/bgcol=ffffff\/linkcol=0687f5\/tracklist=false\/transparent=true\/\" seamless=\"\"><a href=\"https:\/\/mateubaudoin-francoisdumeaux.bandcamp.com\/album\/musique-pour-un-r-cit\">Musique pour Un R\u00e9cit de Mat\u00e8u Baudoin &amp; Fran\u00e7ois Dumeaux<\/a><\/iframe><\/p>\n\n\n\n<p><iframe style=\"border: 0; width: 350px; height: 470px;\" src=\"https:\/\/bandcamp.com\/EmbeddedPlayer\/album=1591249922\/size=large\/bgcol=ffffff\/linkcol=0687f5\/tracklist=false\/transparent=true\/\" seamless=\"\"><a href=\"https:\/\/tytoalba.bandcamp.com\/album\/sosc\">Sosc by Fran\u00e7ois Dumeaux<\/a><\/iframe><\/p>\n\n\n\n<p><iframe style=\"border: 0; width: 350px; height: 470px;\" src=\"https:\/\/bandcamp.com\/EmbeddedPlayer\/album=1018823036\/size=large\/bgcol=ffffff\/linkcol=0687f5\/tracklist=false\/transparent=true\/\" seamless=\"\"><a href=\"https:\/\/tytoalba.bandcamp.com\/album\/api-r\">Api\u00e8r by Fran\u00e7ois Dumeaux, Pierre Grang\u00e9-Praderas<\/a><\/iframe><\/p>\n\n\n\n<p><iframe style=\"border: 0; width: 350px; height: 470px;\" src=\"https:\/\/bandcamp.com\/EmbeddedPlayer\/album=384868297\/size=large\/bgcol=ffffff\/linkcol=0687f5\/tracklist=false\/transparent=true\/\" seamless=\"\"><a href=\"https:\/\/tytoalba.bandcamp.com\/album\/granar\">Granar by Fran\u00e7ois Dumeaux<\/a><\/iframe><\/p>\n\n\n\n<p><iframe style=\"border: 0; width: 350px; height: 470px;\" src=\"https:\/\/bandcamp.com\/EmbeddedPlayer\/album=604367360\/size=large\/bgcol=ffffff\/linkcol=0687f5\/tracklist=false\/transparent=true\/\" seamless=\"\"><a href=\"https:\/\/tytoalba.bandcamp.com\/album\/talhi-r-journal-dimprovisations-modulaires\">Talhi\u00e8r, journal d&#39;improvisations modulaires by Fran\u00e7ois Dumeaux<\/a><\/iframe><\/p>\n\n\n\n<p><strong>2024 :<\/strong><\/p>\n\n\n\n<iframe style=\"border: 0; width: 350px; height: 470px;\" src=\"https:\/\/bandcamp.com\/EmbeddedPlayer\/album=3977166435\/size=large\/bgcol=ffffff\/linkcol=0687f5\/tracklist=false\/transparent=true\/\" seamless><a href=\"https:\/\/paganscompil.bandcamp.com\/album\/pagans-50\">Pagans 50 de Pagans compilacions<\/a><\/iframe>\n\n\n\n<p><iframe style=\"border: 0; width: 350px; height: 470px;\" src=\"https:\/\/bandcamp.com\/EmbeddedPlayer\/album=3083482165\/size=large\/bgcol=ffffff\/linkcol=0687f5\/tracklist=false\/transparent=true\/\" seamless=\"\"><a href=\"https:\/\/tytoalba.bandcamp.com\/album\/treize-vents-et-autres-lieux\">Treize Vents et autres lieux by Fran\u00e7ois Dumeaux<\/a><\/iframe><\/p>\n\n\n\n<p><strong>2022 :<\/strong><\/p>\n\n\n\n<p><iframe style=\"border: 0; width: 350px; height: 470px;\" src=\"https:\/\/bandcamp.com\/EmbeddedPlayer\/album=2317778498\/size=large\/bgcol=ffffff\/linkcol=0687f5\/tracklist=false\/transparent=true\/\" seamless=\"\"><a href=\"https:\/\/tytoalba.bandcamp.com\/album\/lo-long-de-laiga\">Lo long de l&#39;aiga by Fran\u00e7ois Dumeaux<\/a><\/iframe><\/p>\n\n\n\n<p><iframe style=\"border: 0; width: 350px; height: 470px;\" src=\"https:\/\/bandcamp.com\/EmbeddedPlayer\/album=3629319466\/size=large\/bgcol=ffffff\/linkcol=0687f5\/tracklist=false\/transparent=true\/\" seamless=\"\"><a href=\"https:\/\/tytoalba.bandcamp.com\/album\/premier-jour-de-neige-sur-laubrac\">Premier jour de neige sur l&#39;Aubrac by Fran\u00e7ois Dumeaux<\/a><\/iframe><\/p>\n\n\n\n<p><iframe style=\"border: 0; width: 350px; height: 470px;\" src=\"https:\/\/bandcamp.com\/EmbeddedPlayer\/album=1167557276\/size=large\/bgcol=ffffff\/linkcol=0687f5\/tracklist=false\/transparent=true\/\" seamless=\"\">&lt;a href=\u00a0\u00bbhttps:\/\/tytoalba.bandcamp.com\/album\/taur-k-r-iz\u00a0\u00bb>Taur &#8211; K\u00ear-Iz &#8211; \u041a\u0438\u0442\u0435\u0436 by Fran\u00e7ois Dumeaux&lt;\/a><\/iframe><\/p>\n\n\n\n<p><strong>2021 :<\/strong><\/p>\n\n\n\n<p><iframe style=\"border: 0; width: 350px; height: 470px;\" src=\"https:\/\/bandcamp.com\/EmbeddedPlayer\/album=2122069961\/size=large\/bgcol=ffffff\/linkcol=0687f5\/tracklist=false\/transparent=true\/\" seamless=\"\"><a href=\"https:\/\/tytoalba.bandcamp.com\/album\/recontorns\">Recontorns by Fran\u00e7ois Dumeaux<\/a><\/iframe><\/p>\n\n\n\n<p><iframe style=\"border: 0; width: 350px; height: 470px;\" src=\"https:\/\/bandcamp.com\/EmbeddedPlayer\/album=56448108\/size=large\/bgcol=ffffff\/linkcol=0687f5\/tracklist=false\/track=3434289861\/transparent=true\/\" seamless=\"\"><a href=\"https:\/\/lagranja.bandcamp.com\/album\/rondes-dan-as-redondas\">Rondes, Dan\u00e7as Redondas by La Granja<\/a><\/iframe><\/p>\n\n\n\n<p><iframe style=\"border: 0; width: 350px; height: 470px;\" src=\"https:\/\/bandcamp.com\/EmbeddedPlayer\/album=4108812201\/size=large\/bgcol=ffffff\/linkcol=0687f5\/tracklist=false\/transparent=true\/\" seamless=\"\"><a href=\"https:\/\/tytoalba.bandcamp.com\/album\/laca\">laca by Fran\u00e7ois Dumeaux<\/a><\/iframe><\/p>\n\n\n\n<p><iframe style=\"border: 0; width: 350px; height: 470px;\" src=\"https:\/\/bandcamp.com\/EmbeddedPlayer\/album=3033599205\/size=large\/bgcol=ffffff\/linkcol=0687f5\/tracklist=false\/transparent=true\/\" seamless=\"\"><a href=\"https:\/\/tytoalba.bandcamp.com\/album\/n-va\">n\u00e8va by Fran\u00e7ois Dumeaux<\/a><\/iframe><\/p>\n\n\n\n<p><strong>2020 :<\/strong><\/p>\n\n\n\n<p><iframe style=\"border: 0; width: 350px; height: 470px;\" src=\"https:\/\/bandcamp.com\/EmbeddedPlayer\/album=4237653308\/size=large\/bgcol=ffffff\/linkcol=0687f5\/tracklist=false\/transparent=true\/\" seamless=\"\"><a href=\"http:\/\/earsheltering.bandcamp.com\/album\/3pr-iii-8ses\">3pr(iii)8ses by Sounds of Silence; Richard Bentley; Fran\u00e7ois Dumeaux<\/a><\/iframe><\/p>\n\n\n\n<p><iframe style=\"border: 0; width: 350px; height: 470px;\" src=\"https:\/\/bandcamp.com\/EmbeddedPlayer\/album=2051942861\/size=large\/bgcol=ffffff\/linkcol=0687f5\/tracklist=false\/transparent=true\/\" seamless=\"\"><a href=\"http:\/\/lesdisquesdupermafrost.bandcamp.com\/album\/quarantaine-fm-vol-4\">Quarantaine FM vol. 4 by Permafrost<\/a><\/iframe><\/p>\n\n\n\n<p><strong>2019 :<\/strong><\/p>\n\n\n\n<p><iframe style=\"border: 0; width: 350px; height: 470px;\" src=\"https:\/\/bandcamp.com\/EmbeddedPlayer\/album=2173587613\/size=large\/bgcol=ffffff\/linkcol=0687f5\/tracklist=false\/transparent=true\/\" seamless=\"\"><a href=\"http:\/\/tytoalba.bandcamp.com\/album\/curar\">Curar by Fran\u00e7ois Dumeaux<\/a><\/iframe><\/p>\n\n\n\n<p><iframe style=\"border: 0; width: 350px; height: 470px;\" src=\"https:\/\/bandcamp.com\/EmbeddedPlayer\/album=2937006931\/size=large\/bgcol=ffffff\/linkcol=0687f5\/tracklist=false\/transparent=true\/\" seamless=\"\"><a href=\"http:\/\/pagans.bandcamp.com\/album\/de-tot-un-pauc\">De Tot Un Pauc by P\u00e8ire Boissi\u00e8ra<\/a><\/iframe><\/p>\n\n\n\n<p><iframe style=\"border: 0; width: 350px; height: 470px;\" src=\"https:\/\/bandcamp.com\/EmbeddedPlayer\/album=3356330879\/size=large\/bgcol=ffffff\/linkcol=0687f5\/tracklist=false\/transparent=true\/\" seamless=\"\"><a href=\"http:\/\/joanfrancestisner.bandcamp.com\/album\/ebt\">EBT\u00e8! by Joan Franc\u00e9s Tisn\u00e8r<\/a><\/iframe><\/p>\n\n\n\n<p><strong>2018 :<\/strong><\/p>\n\n\n\n<p><iframe style=\"border: 0; width: 350px; height: 470px;\" src=\"https:\/\/bandcamp.com\/EmbeddedPlayer\/album=2557526646\/size=large\/bgcol=ffffff\/linkcol=0687f5\/tracklist=false\/transparent=true\/\" seamless=\"\"><a href=\"http:\/\/tytoalba.bandcamp.com\/album\/matins\">Matins by Fran\u00e7ois Dumeaux<\/a><\/iframe><\/p>\n\n\n\n<p><iframe style=\"border: 0; width: 350px; height: 470px;\" src=\"https:\/\/bandcamp.com\/EmbeddedPlayer\/album=4164589838\/size=large\/bgcol=ffffff\/linkcol=0687f5\/tracklist=false\/transparent=true\/\" seamless=\"\"><a href=\"http:\/\/joanfrancestisner.bandcamp.com\/album\/tralhaires-sur-les-pas-de-f-lix-arnaudin\">Tralhaires, sur les pas de F\u00e9lix Arnaudin by Joan Franc\u00e9s Tisn\u00e8r<\/a><\/iframe><\/p>\n\n\n\n<p><strong>2017 :<\/strong><\/p>\n\n\n\n<p><iframe style=\"border: 0; width: 350px; height: 470px;\" src=\"https:\/\/bandcamp.com\/EmbeddedPlayer\/album=3724276653\/size=large\/bgcol=ffffff\/linkcol=0687f5\/tracklist=false\/transparent=true\/\" seamless=\"\"><a href=\"http:\/\/indierockmag.bandcamp.com\/album\/irmxtp-part-ii-the-lonesome-foghorn-blows-the-secret-of-knowing-who-killed-you\">IRMxTP Part II &#8211; The Lonesome Foghorn Blows (The Secret of Knowing Who Killed You) by Various Artists<\/a><\/iframe><\/p>\n\n\n\n<p><strong>2016 :<\/strong><\/p>\n\n\n\n<p><iframe style=\"border: 0; width: 350px; height: 470px;\" src=\"https:\/\/bandcamp.com\/EmbeddedPlayer\/album=1452082897\/size=large\/bgcol=ffffff\/linkcol=0687f5\/tracklist=false\/transparent=true\/\" seamless=\"\"><a href=\"http:\/\/tartinedecontrebasse.bandcamp.com\/album\/incoherent-phylogeny\">Incoherent Phylogeny by Tartine de Contrebasse<\/a><\/iframe><\/p>\n\n\n\n<p><iframe style=\"border: 0; width: 350px; height: 470px;\" src=\"https:\/\/bandcamp.com\/EmbeddedPlayer\/album=3857603483\/size=large\/bgcol=ffffff\/linkcol=0687f5\/tracklist=false\/transparent=true\/\" seamless=\"\"><a href=\"http:\/\/speakerfootage.bandcamp.com\/album\/bantu-hologram\">Bantu Hologram by Crypto Tropic<\/a><\/iframe><\/p>\n\n\n\n<p><strong>2015 :<\/strong><\/p>\n\n\n\n<p><iframe style=\"border: 0; width: 350px; height: 470px;\" src=\"https:\/\/bandcamp.com\/EmbeddedPlayer\/album=3261201916\/size=large\/bgcol=ffffff\/linkcol=0687f5\/tracklist=false\/transparent=true\/\" seamless=\"\"><a href=\"http:\/\/lecabanonrecords.bandcamp.com\/album\/crypto-tropic-crypto-tropic\">Crypto Tropic &#8211; Crypto Tropic by Le Cabanon Records<\/a><\/iframe><\/p>\n\n\n\n<p><iframe style=\"border: 0; width: 350px; height: 470px;\" src=\"https:\/\/bandcamp.com\/EmbeddedPlayer\/album=1328078226\/size=large\/bgcol=ffffff\/linkcol=0687f5\/tracklist=false\/transparent=true\/\" seamless=\"\"><a href=\"http:\/\/stereotoprecords.bandcamp.com\/album\/001\">#001 by Stereotop Records<\/a><\/iframe><\/p>\n\n\n\n<p><strong>2014 :<\/strong><\/p>\n\n\n\n<p><iframe style=\"border: 0; width: 350px; height: 470px;\" src=\"https:\/\/bandcamp.com\/EmbeddedPlayer\/album=4184706546\/size=large\/bgcol=ffffff\/linkcol=0687f5\/tracklist=false\/transparent=true\/\" seamless><a href=\"https:\/\/ant-zen.bandcamp.com\/album\/innovation-participation-reward\">innovation. participation. reward de black lung<\/a><\/iframe><\/p>\n\n\n\n<p><strong>2013 :<\/strong><\/p>\n\n\n\n<p><iframe style=\"border: 0; width: 350px; height: 470px;\" src=\"https:\/\/bandcamp.com\/EmbeddedPlayer\/album=2845457382\/size=large\/bgcol=ffffff\/linkcol=0687f5\/tracklist=false\/transparent=true\/\" seamless=\"\"><a href=\"https:\/\/tytoalba.bandcamp.com\/album\/5-cadavres-exquis\">5 cadavres exquis by shape2, druc drac, nebulo, picola naine &amp; alan doe<\/a><\/iframe><\/p>\n\n\n\n<p><iframe style=\"border: 0; width: 350px; height: 470px;\" src=\"https:\/\/bandcamp.com\/EmbeddedPlayer\/album=3977998100\/size=large\/bgcol=ffffff\/linkcol=0687f5\/tracklist=false\/transparent=true\/\" seamless=\"\"><a href=\"https:\/\/stomoxine.bandcamp.com\/album\/log\">log de piriforme<\/a><\/iframe><\/p>\n\n\n\n<p><iframe style=\"border: 0; width: 350px; height: 470px;\" src=\"https:\/\/bandcamp.com\/EmbeddedPlayer\/album=3788435960\/size=large\/bgcol=ffffff\/linkcol=0687f5\/tracklist=false\/transparent=true\/\" seamless=\"\"><a href=\"https:\/\/hymen-records.bandcamp.com\/album\/retrofuture\">retrofuture de druc drac<\/a><\/iframe><\/p>\n\n\n\n<p><iframe style=\"border: 0; width: 350px; height: 470px;\" src=\"https:\/\/bandcamp.com\/EmbeddedPlayer\/album=1581109848\/size=large\/bgcol=ffffff\/linkcol=0687f5\/tracklist=false\/transparent=true\/\" seamless=\"\"><a href=\"https:\/\/hymen-records.bandcamp.com\/album\/redkosh\">redkosh de nebulo<\/a><\/iframe><\/p>\n\n\n\n<p><strong>2012 :<\/strong><\/p>\n\n\n\n<p><iframe style=\"border: 0; width: 350px; height: 470px;\" src=\"https:\/\/bandcamp.com\/EmbeddedPlayer\/album=1009683660\/size=large\/bgcol=ffffff\/linkcol=0687f5\/tracklist=false\/transparent=true\/\" seamless=\"\"><a href=\"https:\/\/stomoxine.bandcamp.com\/album\/corps-sonores-re\">Corps Sonores Re de Various Artists<\/a><\/iframe><\/p>\n\n\n\n<p><iframe style=\"border: 0; width: 350px; height: 470px;\" src=\"https:\/\/bandcamp.com\/EmbeddedPlayer\/album=3474485558\/size=large\/bgcol=ffffff\/linkcol=0687f5\/tracklist=false\/transparent=true\/\" seamless=\"\"><a href=\"https:\/\/joanfrancestisner.bandcamp.com\/album\/transp-rts-tisn-r-s-a\">Transp\u00f2rts Tisn\u00e8r S.A. de Joan Franc\u00e9s Tisn\u00e8r<\/a><\/iframe><\/p>\n\n\n\n<p><iframe style=\"border: 0; width: 350px; height: 470px;\" src=\"https:\/\/bandcamp.com\/EmbeddedPlayer\/album=3869367904\/size=large\/bgcol=ffffff\/linkcol=0687f5\/tracklist=false\/transparent=true\/\" seamless=\"\"><a href=\"https:\/\/tytoalba.bandcamp.com\/album\/piriforme-3-farad\">piriforme #3 \/ farad by Fran\u00e7ois Dumeaux &amp; Nicolas Godin<\/a><\/iframe><\/p>\n\n\n\n<p><iframe style=\"border: 0; width: 350px; height: 470px;\" src=\"https:\/\/bandcamp.com\/EmbeddedPlayer\/album=1157470198\/size=large\/bgcol=ffffff\/linkcol=0687f5\/tracklist=false\/transparent=true\/\" seamless=\"\"><a href=\"https:\/\/tytoalba.bandcamp.com\/album\/piriforme-2-crioc-re\">piriforme #2 \/ crioc\u00e8re by Fran\u00e7ois Dumeaux &amp; Nicolas Godin<\/a><\/iframe><\/p>\n\n\n\n<p><strong>2011 :<\/strong><\/p>\n\n\n\n<p><iframe style=\"border: 0; width: 350px; height: 470px;\" src=\"https:\/\/bandcamp.com\/EmbeddedPlayer\/album=2373218450\/size=large\/bgcol=ffffff\/linkcol=0687f5\/tracklist=false\/transparent=true\/\" seamless=\"\"><a href=\"https:\/\/hymen-records.bandcamp.com\/album\/urbatectures\">urbatectures de nebulo &amp; druc drac<\/a><\/iframe><\/p>\n\n\n\n<p><iframe style=\"border: 0; width: 350px; height: 470px;\" src=\"https:\/\/bandcamp.com\/EmbeddedPlayer\/album=3441470468\/size=large\/bgcol=ffffff\/linkcol=0687f5\/tracklist=false\/transparent=true\/\" seamless=\"\"><a href=\"https:\/\/tytoalba.bandcamp.com\/album\/piriforme-1-postkraut\">piriforme #1 \/ postkraut by Fran\u00e7ois Dumeaux &amp; Nicolas Godin<\/a><\/iframe><\/p>\n\n\n\n<p><iframe style=\"border: 0; width: 350px; height: 470px;\" src=\"https:\/\/bandcamp.com\/EmbeddedPlayer\/album=2565393557\/size=large\/bgcol=ffffff\/linkcol=0687f5\/tracklist=false\/transparent=true\/\" seamless=\"\"><a href=\"http:\/\/joanfrancestisner.bandcamp.com\/album\/sorrom-borrom\">Sorrom Borrom by Joan Franc\u00e9s Tisn\u00e8r<\/a><\/iframe><\/p>\n\n\n\n<p><strong>2010 :<\/strong><\/p>\n\n\n\n<p><iframe style=\"border: 0; width: 350px; height: 470px;\" src=\"https:\/\/bandcamp.com\/EmbeddedPlayer\/album=1603951836\/size=large\/bgcol=ffffff\/linkcol=0687f5\/tracklist=false\/transparent=true\/\" seamless=\"\"><a href=\"https:\/\/malidrac.bandcamp.com\/album\/couture-mentale-ou-le-cadavre-exquis-sonique\">couture mentale, ou le cadavre exquis sonique de malidrac<\/a><\/iframe><\/p>\n\n\n\n<p><iframe style=\"border: 0; width: 350px; height: 470px;\" src=\"https:\/\/bandcamp.com\/EmbeddedPlayer\/album=2921276433\/size=large\/bgcol=ffffff\/linkcol=0687f5\/tracklist=false\/transparent=true\/\" seamless=\"\"><a href=\"https:\/\/drucdrac.bandcamp.com\/album\/ressons-de-la-selva\">ressons de la selva de druc drac<\/a><\/iframe><\/p>\n\n\n\n<p><strong>2009 :<\/strong><\/p>\n\n\n\n<p><iframe style=\"border: 0; width: 350px; height: 470px;\" src=\"https:\/\/bandcamp.com\/EmbeddedPlayer\/album=2493055799\/size=large\/bgcol=ffffff\/linkcol=0687f5\/tracklist=false\/transparent=true\/\" seamless=\"\"><a href=\"https:\/\/stomoxine.bandcamp.com\/album\/15oct09-thoux\">15oct09 Thoux de drcdrc<\/a><\/iframe><\/p>\n\n\n\n<p><iframe style=\"border: 0; width: 350px; height: 442px;\" src=\"https:\/\/bandcamp.com\/EmbeddedPlayer\/track=2981329148\/size=large\/bgcol=ffffff\/linkcol=0687f5\/tracklist=false\/transparent=true\/\" seamless=\"\"><a href=\"https:\/\/tytoalba.bandcamp.com\/track\/grillons-coucous-et-chevreuils\">grillons, coucous et chevreuils by Fran\u00e7ois Dumeaux<\/a><\/iframe><\/p>\n\n\n\n<p><strong>2008 :<\/strong><\/p>\n\n\n\n<p><iframe style=\"border: 0; width: 350px; height: 470px;\" src=\"https:\/\/bandcamp.com\/EmbeddedPlayer\/album=173449155\/size=large\/bgcol=ffffff\/linkcol=0687f5\/tracklist=false\/transparent=true\/\" seamless=\"\"><a href=\"http:\/\/influxacousmatic.bandcamp.com\/album\/m-tamorphoses-2008\">M\u00e9tamorphoses 2008 by Influx<\/a><\/iframe><\/p>\n\n\n\n<p><iframe style=\"border: 0; width: 350px; height: 470px;\" src=\"https:\/\/bandcamp.com\/EmbeddedPlayer\/album=4212908702\/size=large\/bgcol=ffffff\/linkcol=0687f5\/tracklist=false\/transparent=true\/\" seamless=\"\"><a href=\"https:\/\/d-a-r-k.bandcamp.com\/album\/les-etres-de-labime\">Les Etres de L&#39;Abime de druc drac<\/a><\/iframe><\/p>\n\n\n\n<p><strong>2007 :<\/strong><\/p>\n\n\n\n<p><iframe style=\"border: 0; width: 350px; height: 470px;\" src=\"https:\/\/bandcamp.com\/EmbeddedPlayer\/album=2439654750\/size=large\/bgcol=ffffff\/linkcol=0687f5\/tracklist=false\/transparent=true\/\" seamless=\"\"><a href=\"https:\/\/artusrock.bandcamp.com\/album\/rb\">\u00d2rb de Art\u00fas<\/a><\/iframe><\/p>\n\n\n\n<p><strong>2006 :<\/strong><\/p>\n\n\n\n<p><iframe style=\"border: 0; width: 350px; height: 470px;\" src=\"https:\/\/bandcamp.com\/EmbeddedPlayer\/album=810145223\/size=large\/bgcol=ffffff\/linkcol=0687f5\/tracklist=false\/transparent=true\/\" seamless=\"\"><a href=\"https:\/\/artusrock.bandcamp.com\/album\/maxi-2006\">Maxi \/ 2006 de Art\u00fas<\/a><\/iframe><\/p>\n","protected":false},"excerpt":{"rendered":"<p>Voici une liste quasi exhaustive des disques* que j&rsquo;ai fabriqu\u00e9s, ou auxquels j&rsquo;ai pris part. *je dis \u00ab\u00a0disque\u00a0\u00bb car je suis n\u00e9 au XXe si\u00e8cle. 2026 : Ikarusu &#8211; Villes Fant\u00f4mes by Fran\u00e7ois Dumeaux 2025 : &lt;a href=\u00a0\u00bbhttps:\/\/tytoalba.bandcamp.com\/album\/chasseurs-et-oiseaux\u00a0\u00bb>Chasseurs et oiseaux by Fran\u00e7ois Dumeaux&lt;\/a> Musique pour Un R\u00e9cit de Mat\u00e8u Baudoin &amp; Fran\u00e7ois Dumeaux Sosc by [&hellip;]<\/p>\n","protected":false},"author":1,"featured_media":0,"parent":0,"menu_order":0,"comment_status":"closed","ping_status":"open","template":"","meta":{"footnotes":""},"class_list":["post-31","page","type-page","status-publish","hentry"],"_links":{"self":[{"href":"https:\/\/elytres.net\/index.php?rest_route=\/wp\/v2\/pages\/31","targetHints":{"allow":["GET"]}}],"collection":[{"href":"https:\/\/elytres.net\/index.php?rest_route=\/wp\/v2\/pages"}],"about":[{"href":"https:\/\/elytres.net\/index.php?rest_route=\/wp\/v2\/types\/page"}],"author":[{"embeddable":true,"href":"https:\/\/elytres.net\/index.php?rest_route=\/wp\/v2\/users\/1"}],"replies":[{"embeddable":true,"href":"https:\/\/elytres.net\/index.php?rest_route=%2Fwp%2Fv2%2Fcomments&post=31"}],"version-history":[{"count":130,"href":"https:\/\/elytres.net\/index.php?rest_route=\/wp\/v2\/pages\/31\/revisions"}],"predecessor-version":[{"id":790,"href":"https:\/\/elytres.net\/index.php?rest_route=\/wp\/v2\/pages\/31\/revisions\/790"}],"wp:attachment":[{"href":"https:\/\/elytres.net\/index.php?rest_route=%2Fwp%2Fv2%2Fmedia&parent=31"}],"curies":[{"name":"wp","href":"https:\/\/api.w.org\/{rel}","templated":true}]}}