{"id":762,"date":"2025-10-01T12:43:46","date_gmt":"2025-10-01T10:43:46","guid":{"rendered":"https:\/\/elytres.net\/?page_id=762"},"modified":"2025-10-01T12:45:02","modified_gmt":"2025-10-01T10:45:02","slug":"calendrier","status":"publish","type":"page","link":"https:\/\/elytres.net\/?page_id=762","title":{"rendered":"calendrier"},"content":{"rendered":"\n<p><strong>Dates \u00e0 venir :<\/strong><br>21 octobre : D&rsquo;una lenga l&rsquo;autra, Cave Po\u00e9sie, Toulouse (31), 21h<br>3 novembre : D&rsquo;una lenga l&rsquo;autra, Pennautier (11)<br>21 novembre : D&rsquo;una lenga l&rsquo;autra, Casteljaloux (47)<br>5 d\u00e9cembre : D&rsquo;una lenga l&rsquo;autra, Najac (12)<br>6 d\u00e9cembre : D&rsquo;una lenga l&rsquo;autra, Salles-Courbati\u00e8s (12)<br>12 d\u00e9cembre : D&rsquo;una lenga l&rsquo;autra, La Dornac (24)<br>21 avril 2026 : D&rsquo;una lenga l&rsquo;autra, Sarlat (24)<\/p>\n","protected":false},"excerpt":{"rendered":"<p>Dates \u00e0 venir :21 octobre : D&rsquo;una lenga l&rsquo;autra, Cave Po\u00e9sie, Toulouse (31), 21h3 novembre : D&rsquo;una lenga l&rsquo;autra, Pennautier (11)21 novembre : D&rsquo;una lenga l&rsquo;autra, Casteljaloux (47)5 d\u00e9cembre : D&rsquo;una lenga l&rsquo;autra, Najac (12)6 d\u00e9cembre : D&rsquo;una lenga l&rsquo;autra, Salles-Courbati\u00e8s (12)12 d\u00e9cembre : D&rsquo;una lenga l&rsquo;autra, La Dornac (24)21 avril 2026 : D&rsquo;una lenga [&hellip;]<\/p>\n","protected":false},"author":1,"featured_media":0,"parent":0,"menu_order":0,"comment_status":"closed","ping_status":"closed","template":"","meta":{"footnotes":""},"class_list":["post-762","page","type-page","status-publish","hentry"],"_links":{"self":[{"href":"https:\/\/elytres.net\/index.php?rest_route=\/wp\/v2\/pages\/762","targetHints":{"allow":["GET"]}}],"collection":[{"href":"https:\/\/elytres.net\/index.php?rest_route=\/wp\/v2\/pages"}],"about":[{"href":"https:\/\/elytres.net\/index.php?rest_route=\/wp\/v2\/types\/page"}],"author":[{"embeddable":true,"href":"https:\/\/elytres.net\/index.php?rest_route=\/wp\/v2\/users\/1"}],"replies":[{"embeddable":true,"href":"https:\/\/elytres.net\/index.php?rest_route=%2Fwp%2Fv2%2Fcomments&post=762"}],"version-history":[{"count":2,"href":"https:\/\/elytres.net\/index.php?rest_route=\/wp\/v2\/pages\/762\/revisions"}],"predecessor-version":[{"id":764,"href":"https:\/\/elytres.net\/index.php?rest_route=\/wp\/v2\/pages\/762\/revisions\/764"}],"wp:attachment":[{"href":"https:\/\/elytres.net\/index.php?rest_route=%2Fwp%2Fv2%2Fmedia&parent=762"}],"curies":[{"name":"wp","href":"https:\/\/api.w.org\/{rel}","templated":true}]}}